{"id":75030,"date":"2018-12-27T14:22:12","date_gmt":"2018-12-27T13:22:12","guid":{"rendered":"https:\/\/undsgn.com\/uncode\/?page_id=75030"},"modified":"2024-06-26T13:12:18","modified_gmt":"2024-06-26T11:12:18","slug":"sobre-nosotros","status":"publish","type":"page","link":"https:\/\/redeconomiacircularenislas.org\/en\/sobre-nosotros\/","title":{"rendered":"Sobre nosotros"},"content":{"rendered":"<div class=\"wpb-content-wrapper\"><div data-parent=\"true\" class=\"vc_row style-color-xsdn-bg row-container\" style=\"z-index: 1;\" id=\"row-unique-0\"><div class=\"row exa-top-padding exa-bottom-padding single-h-padding limit-width row-parent\"><div class=\"wpb_row row-inner\"><div class=\"wpb_column pos-bottom pos-center align_left column_parent col-lg-12 single-internal-gutter\"><div class=\"uncol style-light animate_when_almost_visible bottom-t-top\"  data-delay=\"200\" data-speed=\"1000\"><div class=\"uncoltable\"><div class=\"uncell no-block-padding\" ><div class=\"uncont\"><div class=\"vc_row row-internal row-container\"><div class=\"row col-double-gutter row-child\"><div class=\"wpb_row row-inner\"><div class=\"wpb_column pos-top pos-center align_left column_child col-lg-4 no-internal-gutter\"><div class=\"uncol style-light\" ><div class=\"uncoltable\"><div class=\"uncell no-block-padding\" ><div class=\"uncont\"><div class=\"empty-space empty-half\" ><span class=\"empty-space-inner\"><\/span><\/div>\n<div class=\"vc_custom_heading_wrap\"><div class=\"heading-text el-text\" ><h5 class=\"font-846016 fontsize-160000 fontspace-210350 font-weight-500 text-color-wvjs-color text-uppercase\" ><span>Estrategia e Innovaci\u00f3n<\/span><\/h5><\/div><div class=\"clear\"><\/div><\/div><\/div><\/div><\/div><\/div><\/div><div class=\"wpb_column pos-bottom pos-center align_left column_child col-lg-8 half-internal-gutter\"><div class=\"uncol style-light\" ><div class=\"uncoltable\"><div class=\"uncell no-block-padding\" ><div class=\"uncont\"><div class=\"vc_custom_heading_wrap\"><div class=\"heading-text el-text curtain-words animate_inner_when_almost_visible el-text-split heading-lines\" data-delay=\"200\" data-speed=\"1000\"><h2 class=\"font-846016 fontsize-445851 font-weight-500 font-obs\" data-style=\"normal\" data-weight=\"500\" data-font=\"Public Sans\"><span class=\"heading-text-inner\"><span class=\"heading-text-highlight\" data-atts='{\"bg\":\"style-color-gyho-bg\",\"height\":\"5%\",\"offset\":\"0.2em\",\"opacity\":\"1\",\"animated\":\"yes\"}'><span class=\"split-word word1\"><span class=\"split-word-flow\"><span class=\"split-word-inner\">Red<\/span><\/span><\/span><span class=\"split-word word2\"><span class=\"split-word-flow\"><span class=\"split-word-inner split-empty-inner\"><span class=\"split-word-empty\">&nbsp;<\/span>de<\/span><\/span><\/span><span class=\"split-word word3\"><span class=\"split-word-flow\"><span class=\"split-word-inner split-empty-inner\"><span class=\"split-word-empty\">&nbsp;<\/span>Econom\u00eda<\/span><\/span><\/span><span class=\"split-word word4\"><span class=\"split-word-flow\"><span class=\"split-word-inner split-empty-inner\"><span class=\"split-word-empty\">&nbsp;<\/span>Circular<\/span><\/span><\/span><span class=\"split-word word5\"><span class=\"split-word-flow\"><span class=\"split-word-inner split-empty-inner\"><span class=\"split-word-empty\">&nbsp;<\/span>en<\/span><\/span><\/span><span class=\"split-word word6\"><span class=\"split-word-flow\"><span class=\"split-word-inner split-empty-inner\"><span class=\"split-word-empty\">&nbsp;<\/span>Islas.<\/span><\/span><\/span><span class=\"split-word uncode-rotating-span uncode-rotating-text-start\" data-text=\"Sostenible.|Innovadora.|Simple.\" data-wait=\"2000\">&nbsp;<\/span><span class=\"split-word word7\"><span class=\"split-word-flow\"><span class=\"split-word-inner\"><span class=\"split-char char92\">S<\/span><span class=\"split-char char93\">i<\/span><span class=\"split-char char94\">m<\/span><span class=\"split-char char95\">p<\/span><span class=\"split-char char96\">l<\/span><span class=\"split-char char97\">e<\/span><span class=\"split-char char98\">.<\/span><\/span><\/span><\/span><span class=\"split-word uncode-rotating-span uncode-rotating-text-end\">&nbsp;<\/span><\/span><\/span><\/h2><\/div><div class=\"clear\"><\/div><\/div><\/div><\/div><\/div><\/div><\/div><\/div><\/div><\/div><\/div><\/div><\/div><\/div><\/div><script id=\"script-row-unique-0\" data-row=\"script-row-unique-0\" type=\"text\/javascript\" class=\"vc_controls\">UNCODE.initRow(document.getElementById(\"row-unique-0\"));<\/script><\/div><\/div><\/div><div data-parent=\"true\" class=\"vc_row style-color-wayh-bg row-container\" id=\"row-unique-1\"><div class=\"row no-top-padding no-bottom-padding no-h-padding full-width row-parent\"><div class=\"wpb_row row-inner\"><div class=\"wpb_column pos-middle pos-center align_left column_parent col-lg-12 single-internal-gutter\"><div class=\"uncol style-dark\"  ><div class=\"uncoltable\"><div class=\"uncell no-block-padding\" ><div class=\"uncont\"><div class=\"uncode-single-media  text-left\"><div class=\"single-wrapper\" style=\"max-width: 100%;\"><div class=\"tmb tmb-light  tmb-media-first tmb-media-last tmb-content-overlay tmb-no-bg\"><div class=\"t-inside\"><div class=\"t-entry-visual\"><div class=\"t-entry-visual-tc\"><div class=\"uncode-single-media-wrapper\"><img decoding=\"async\" class=\"wp-image-131102\" src=\"https:\/\/redeconomiacircularenislas.org\/wp-content\/uploads\/2024\/04\/round-shaped-island-in-sea-2023-11-27-05-14-11-utc-scaled.jpg\" width=\"2560\" height=\"1705\" alt=\"\" srcset=\"https:\/\/redeconomiacircularenislas.org\/wp-content\/uploads\/2024\/04\/round-shaped-island-in-sea-2023-11-27-05-14-11-utc-scaled.jpg 2560w, https:\/\/redeconomiacircularenislas.org\/wp-content\/uploads\/2024\/04\/round-shaped-island-in-sea-2023-11-27-05-14-11-utc-scaled-600x400.jpg 600w, https:\/\/redeconomiacircularenislas.org\/wp-content\/uploads\/2024\/04\/round-shaped-island-in-sea-2023-11-27-05-14-11-utc-300x200.jpg 300w, https:\/\/redeconomiacircularenislas.org\/wp-content\/uploads\/2024\/04\/round-shaped-island-in-sea-2023-11-27-05-14-11-utc-1024x682.jpg 1024w, https:\/\/redeconomiacircularenislas.org\/wp-content\/uploads\/2024\/04\/round-shaped-island-in-sea-2023-11-27-05-14-11-utc-768x512.jpg 768w, https:\/\/redeconomiacircularenislas.org\/wp-content\/uploads\/2024\/04\/round-shaped-island-in-sea-2023-11-27-05-14-11-utc-1536x1023.jpg 1536w, https:\/\/redeconomiacircularenislas.org\/wp-content\/uploads\/2024\/04\/round-shaped-island-in-sea-2023-11-27-05-14-11-utc-2048x1364.jpg 2048w, https:\/\/redeconomiacircularenislas.org\/wp-content\/uploads\/2024\/04\/round-shaped-island-in-sea-2023-11-27-05-14-11-utc-350x233.jpg 350w, https:\/\/redeconomiacircularenislas.org\/wp-content\/uploads\/2024\/04\/round-shaped-island-in-sea-2023-11-27-05-14-11-utc-scaled-uai-900x599.jpg 900w, https:\/\/redeconomiacircularenislas.org\/wp-content\/uploads\/2024\/04\/round-shaped-island-in-sea-2023-11-27-05-14-11-utc-scaled-uai-720x480.jpg 720w\" sizes=\"(max-width: 2560px) 100vw, 2560px\" \/><\/div>\n\t\t\t\t\t<\/div>\n\t\t\t\t<\/div><\/div><\/div><\/div><\/div><\/div><\/div><\/div><\/div><\/div><script id=\"script-row-unique-1\" data-row=\"script-row-unique-1\" type=\"text\/javascript\" class=\"vc_controls\">UNCODE.initRow(document.getElementById(\"row-unique-1\"));<\/script><\/div><\/div><\/div><div data-parent=\"true\" class=\"vc_row row-container onepage-section\" data-label=\"intro\" data-name=\"intro\" id=\"row-unique-2\"><div class=\"row col-double-gutter quad-top-padding quad-bottom-padding single-h-padding limit-width row-parent\"><div class=\"wpb_row row-inner\"><div class=\"wpb_column pos-top pos-center align_left column_parent col-lg-12 half-internal-gutter\"><div class=\"uncol style-light\"  ><div class=\"uncoltable\"><div class=\"uncell no-block-padding\" ><div class=\"uncont\"><div class=\"vc_custom_heading_wrap\"><div class=\"heading-text el-text\" ><h5 class=\"font-846016 fontsize-160000 fontspace-210350 font-weight-500 text-color-wvjs-color text-uppercase\" ><span>SOBRE NOSOTROS<\/span><\/h5><\/div><div class=\"clear\"><\/div><\/div><div class=\"vc_row row-internal row-container\"><div class=\"row col-double-gutter row-child\"><div class=\"wpb_row row-inner\"><div class=\"wpb_column pos-top pos-center align_left column_child col-lg-4 single-internal-gutter\"><div class=\"uncol style-light\" ><div class=\"uncoltable\"><div class=\"uncell no-block-padding\" ><div class=\"uncont\"><div class=\"vc_custom_heading_wrap\"><div class=\"heading-text el-text\" ><h6 class=\"font-846016 h1 fontheight-357766 font-weight-500\" ><span>La investigaci\u00f3n y el an\u00e1lisis son los cimientos de todo lo dem\u00e1s<\/span><\/h6><\/div><div class=\"clear\"><\/div><\/div><\/div><\/div><\/div><\/div><\/div><div class=\"wpb_column pos-top pos-center align_left column_child col-lg-8 one-internal-gutter\"><div class=\"uncol style-light font-846016\" ><div class=\"uncoltable\"><div class=\"uncell no-block-padding\" ><div class=\"uncont\"><div class=\"uncode_text_column text-lead\" ><p>Durante los \u00faltimos 15 a\u00f1os, hemos navegado libremente en el \u00e1mbito de la econom\u00eda circular y la sostenibilidad en islas. Nos encantan las soluciones simples, los patrones claros y los conceptos directos. Como regla general, siempre construimos soluciones para cada problema que encontramos. Sin adherirnos a un estilo, movimiento, dogma o perspectiva particular, nada nos entusiasma m\u00e1s que resolver un problema, y ning\u00fan desaf\u00edo es lo suficientemente dif\u00edcil.<\/p>\n<p>Nos encontramos en la encrucijada entre el modernismo y la pureza intelectual para crear ideas significativas que perduren. Contamos con un equipo galardonado y con experiencia internacional, comprometido con la sostenibilidad y la innovaci\u00f3n.<\/p>\n<\/div><\/div><\/div><\/div><\/div><\/div><\/div><\/div><\/div><div class=\"empty-space empty-double tablet-hidden mobile-hidden\" ><span class=\"empty-space-inner\"><\/span><\/div>\n<div class=\"vc_row row-internal row-container\"><div class=\"row col-double-gutter row-child\"><div class=\"wpb_row row-inner\"><div class=\"wpb_column pos-top pos-center align_left column_child col-lg-4 tablet-hidden mobile-hidden single-internal-gutter\"><div class=\"uncol style-light\" ><div class=\"uncoltable\"><div class=\"uncell no-block-padding\" ><div class=\"uncont\"><\/div><\/div><\/div><\/div><\/div><div class=\"wpb_column pos-top pos-center align_left column_child col-lg-4 col-md-50 half-internal-gutter\"><div class=\"uncol style-light font-846016\" ><div class=\"uncoltable\"><div class=\"uncell no-block-padding\" ><div class=\"uncont\"><div class=\"vc_custom_heading_wrap\"><div class=\"heading-text el-text\" ><h3 class=\"font-846016 h4 font-weight-500\" ><span>Descubre el mercado<\/span><\/h3><\/div><div class=\"clear\"><\/div><\/div><div class=\"uncode_text_column text-lead\" ><p>Cada idea, innovaci\u00f3n o dise\u00f1o se basa en el descubrimiento.<\/p>\n<\/div><\/div><\/div><\/div><\/div><\/div><div class=\"wpb_column pos-top pos-center align_left column_child col-lg-4 col-md-50 half-internal-gutter\"><div class=\"uncol style-light font-846016\" ><div class=\"uncoltable\"><div class=\"uncell no-block-padding\" ><div class=\"uncont\"><div class=\"vc_custom_heading_wrap\"><div class=\"heading-text el-text\" ><h3 class=\"font-846016 h4 font-weight-500\" ><span>An\u00e1lisis de datos<\/span><\/h3><\/div><div class=\"clear\"><\/div><\/div><div class=\"uncode_text_column text-lead\" ><p>Innovaci\u00f3n, an\u00e1lisis, optimizaci\u00f3n y mejora continua.<\/p>\n<\/div><\/div><\/div><\/div><\/div><\/div><\/div><\/div><\/div><\/div><\/div><\/div><\/div><\/div><script id=\"script-row-unique-2\" data-row=\"script-row-unique-2\" type=\"text\/javascript\" class=\"vc_controls\">UNCODE.initRow(document.getElementById(\"row-unique-2\"));<\/script><\/div><\/div><\/div><div data-parent=\"true\" class=\"vc_row row-container\" id=\"row-unique-3\"><div class=\"row limit-width row-parent\"><div class=\"wpb_row row-inner\"><div class=\"wpb_column pos-top pos-center align_left column_parent col-lg-12 single-internal-gutter\"><div class=\"uncol style-light\"  ><div class=\"uncoltable\"><div class=\"uncell no-block-padding\" ><div class=\"uncont\"><div class=\"uncode-single-media  text-left\"><div class=\"single-wrapper\" style=\"max-width: 100%;\"><div class=\"tmb tmb-light  tmb-media-first tmb-media-last tmb-content-overlay tmb-no-bg\"><div class=\"t-inside\"><div class=\"t-entry-visual\"><div class=\"t-entry-visual-tc\"><div class=\"uncode-single-media-wrapper\"><img decoding=\"async\" class=\"wp-image-131574\" src=\"https:\/\/redeconomiacircularenislas.org\/wp-content\/uploads\/2024\/06\/perfiles-red.png\" width=\"883\" height=\"612\" alt=\"\" srcset=\"https:\/\/redeconomiacircularenislas.org\/wp-content\/uploads\/2024\/06\/perfiles-red.png 883w, https:\/\/redeconomiacircularenislas.org\/wp-content\/uploads\/2024\/06\/perfiles-red-300x208.png 300w, https:\/\/redeconomiacircularenislas.org\/wp-content\/uploads\/2024\/06\/perfiles-red-768x532.png 768w, https:\/\/redeconomiacircularenislas.org\/wp-content\/uploads\/2024\/06\/perfiles-red-18x12.png 18w, https:\/\/redeconomiacircularenislas.org\/wp-content\/uploads\/2024\/06\/perfiles-red-350x243.png 350w, https:\/\/redeconomiacircularenislas.org\/wp-content\/uploads\/2024\/06\/perfiles-red-600x416.png 600w, https:\/\/redeconomiacircularenislas.org\/wp-content\/uploads\/2024\/06\/perfiles-red-uai-720x499.png 720w\" sizes=\"(max-width: 883px) 100vw, 883px\" \/><\/div>\n\t\t\t\t\t<\/div>\n\t\t\t\t<\/div><\/div><\/div><\/div><\/div><\/div><\/div><\/div><\/div><\/div><script id=\"script-row-unique-3\" data-row=\"script-row-unique-3\" type=\"text\/javascript\" class=\"vc_controls\">UNCODE.initRow(document.getElementById(\"row-unique-3\"));<\/script><\/div><\/div><\/div>\n<\/div>","protected":false},"excerpt":{"rendered":"Estrategia e Innovaci\u00f3nRed&nbsp;de&nbsp;Econom\u00eda&nbsp;Circular&nbsp;en&nbsp;Islas.&nbsp;Simple.&nbsp; SOBRE NOSOTROSLa investigaci\u00f3n y el an\u00e1lisis son los cimientos de todo lo dem\u00e1sDurante los \u00faltimos 15 a\u00f1os, [...]","protected":false},"author":1,"featured_media":0,"parent":0,"menu_order":0,"comment_status":"closed","ping_status":"closed","template":"","meta":{"footnotes":""},"_links":{"self":[{"href":"https:\/\/redeconomiacircularenislas.org\/en\/wp-json\/wp\/v2\/pages\/75030"}],"collection":[{"href":"https:\/\/redeconomiacircularenislas.org\/en\/wp-json\/wp\/v2\/pages"}],"about":[{"href":"https:\/\/redeconomiacircularenislas.org\/en\/wp-json\/wp\/v2\/types\/page"}],"author":[{"embeddable":true,"href":"https:\/\/redeconomiacircularenislas.org\/en\/wp-json\/wp\/v2\/users\/1"}],"replies":[{"embeddable":true,"href":"https:\/\/redeconomiacircularenislas.org\/en\/wp-json\/wp\/v2\/comments?post=75030"}],"version-history":[{"count":10,"href":"https:\/\/redeconomiacircularenislas.org\/en\/wp-json\/wp\/v2\/pages\/75030\/revisions"}],"predecessor-version":[{"id":131576,"href":"https:\/\/redeconomiacircularenislas.org\/en\/wp-json\/wp\/v2\/pages\/75030\/revisions\/131576"}],"wp:attachment":[{"href":"https:\/\/redeconomiacircularenislas.org\/en\/wp-json\/wp\/v2\/media?parent=75030"}],"curies":[{"name":"wp","href":"https:\/\/api.w.org\/{rel}","templated":true}]}}